{"id":1620,"date":"2023-01-09T15:54:54","date_gmt":"2023-01-09T13:54:54","guid":{"rendered":"https:\/\/www2.islam.lu\/?page_id=1620"},"modified":"2026-02-22T10:51:33","modified_gmt":"2026-02-22T08:51:33","slug":"test1","status":"publish","type":"page","link":"https:\/\/www2.islam.lu\/","title":{"rendered":"Centre Culturel Islamique du Grand Duch\u00e9 de Luxembourg Asbl (CCIL)"},"content":{"rendered":"\n<p><\/p>\n\n\n\n<div class=\"wp-block-columns is-layout-flex wp-container-core-columns-is-layout-9d6595d7 wp-block-columns-is-layout-flex\">\n<div class=\"wp-block-column is-layout-flow wp-block-column-is-layout-flow\">\n<div class=\"wp-block-columns is-layout-flex wp-container-core-columns-is-layout-9d6595d7 wp-block-columns-is-layout-flex\">\n<div class=\"wp-block-column is-layout-flow wp-block-column-is-layout-flow\">\n<div class=\"wp-block-columns is-layout-flex wp-container-core-columns-is-layout-9d6595d7 wp-block-columns-is-layout-flex\">\n<div class=\"wp-block-column is-layout-flow wp-block-column-is-layout-flow\">\n<div class=\"wp-block-columns is-layout-flex wp-container-core-columns-is-layout-9d6595d7 wp-block-columns-is-layout-flex\">\n<div class=\"wp-block-column is-layout-flow wp-block-column-is-layout-flow\"><\/div>\n<\/div>\n<\/div>\n<\/div>\n<\/div>\n<\/div>\n<\/div>\n<\/div>\n\n\n\n<p class=\"has-text-align-center has-light-green-cyan-color has-text-color has-large-font-size\" id=\"HOME\">Bienvenue au CCIL<\/p>\n\n\n\n<p class=\"has-text-align-center has-cyan-bluish-gray-color has-text-color has-small-font-size\">Centre Culturel Islamique du Grand-Duch\u00e9 de Luxembourg a.s.b.l.<\/p>\n\n\n\n<hr class=\"wp-block-separator has-alpha-channel-opacity is-style-wide\"\/>\n\n\n\n<p>Activit\u00e9s<\/p>\n\n\n\n<div class=\"wp-block-group\"><div class=\"wp-block-group__inner-container is-layout-constrained wp-block-group-is-layout-constrained\">\n<div class=\"wp-block-columns is-layout-flex wp-container-core-columns-is-layout-9d6595d7 wp-block-columns-is-layout-flex\">\n<div class=\"wp-block-column is-layout-flow wp-block-column-is-layout-flow\" style=\"flex-basis:100%\">\n<div class=\"wp-block-group\"><div class=\"wp-block-group__inner-container is-layout-constrained wp-block-group-is-layout-constrained\"><ul class=\"wp-block-latest-posts__list is-grid columns-4 wp-block-latest-posts\"><li><div class=\"wp-block-latest-posts__featured-image aligncenter\"><img loading=\"lazy\" decoding=\"async\" width=\"150\" height=\"150\" src=\"https:\/\/www2.islam.lu\/wp-content\/uploads\/2020\/07\/Aid-150x150.jpg\" class=\"attachment-thumbnail size-thumbnail wp-post-image\" alt=\"\" style=\"\" srcset=\"https:\/\/www2.islam.lu\/wp-content\/uploads\/2020\/07\/Aid-150x150.jpg 150w, https:\/\/www2.islam.lu\/wp-content\/uploads\/2020\/07\/Aid-85x85.jpg 85w, https:\/\/www2.islam.lu\/wp-content\/uploads\/2020\/07\/Aid-80x80.jpg 80w\" sizes=\"auto, (max-width: 150px) 100vw, 150px\" \/><\/div><a class=\"wp-block-latest-posts__post-title\" href=\"https:\/\/www2.islam.lu\/?p=2300\">Aid al-Fitr &#8211; vendredi 20 mars 2026<\/a><\/li>\n<li><div class=\"wp-block-latest-posts__featured-image aligncenter\"><img loading=\"lazy\" decoding=\"async\" width=\"150\" height=\"150\" src=\"https:\/\/www2.islam.lu\/wp-content\/uploads\/2026\/03\/fitr-696x391-1-150x150.jpg\" class=\"attachment-thumbnail size-thumbnail wp-post-image\" alt=\"\" style=\"\" srcset=\"https:\/\/www2.islam.lu\/wp-content\/uploads\/2026\/03\/fitr-696x391-1-150x150.jpg 150w, https:\/\/www2.islam.lu\/wp-content\/uploads\/2026\/03\/fitr-696x391-1-85x85.jpg 85w, https:\/\/www2.islam.lu\/wp-content\/uploads\/2026\/03\/fitr-696x391-1-80x80.jpg 80w\" sizes=\"auto, (max-width: 150px) 100vw, 150px\" \/><\/div><a class=\"wp-block-latest-posts__post-title\" href=\"https:\/\/www2.islam.lu\/?p=2294\">Sadaqat al-Fitr 2026: 10 \u20ac par personne<\/a><\/li>\n<li><div class=\"wp-block-latest-posts__featured-image aligncenter\"><img loading=\"lazy\" decoding=\"async\" width=\"150\" height=\"150\" src=\"https:\/\/www2.islam.lu\/wp-content\/uploads\/2018\/05\/ramadan-images-11-150x150.jpg\" class=\"attachment-thumbnail size-thumbnail wp-post-image\" alt=\"\" style=\"\" srcset=\"https:\/\/www2.islam.lu\/wp-content\/uploads\/2018\/05\/ramadan-images-11-150x150.jpg 150w, https:\/\/www2.islam.lu\/wp-content\/uploads\/2018\/05\/ramadan-images-11-85x85.jpg 85w, https:\/\/www2.islam.lu\/wp-content\/uploads\/2018\/05\/ramadan-images-11-80x80.jpg 80w\" sizes=\"auto, (max-width: 150px) 100vw, 150px\" \/><\/div><a class=\"wp-block-latest-posts__post-title\" href=\"https:\/\/www2.islam.lu\/?p=2287\">Announcement of the Beginning of the Month of Ramadan 1447 H \/ 2026 in the Grand Duchy of Luxembourg<\/a><\/li>\n<li><div class=\"wp-block-latest-posts__featured-image aligncenter\"><img loading=\"lazy\" decoding=\"async\" width=\"150\" height=\"150\" src=\"https:\/\/www2.islam.lu\/wp-content\/uploads\/2025\/12\/Bildschirmfoto-2025-12-31-um-14.37.03-150x150.png\" class=\"attachment-thumbnail size-thumbnail wp-post-image\" alt=\"\" style=\"\" srcset=\"https:\/\/www2.islam.lu\/wp-content\/uploads\/2025\/12\/Bildschirmfoto-2025-12-31-um-14.37.03-150x150.png 150w, https:\/\/www2.islam.lu\/wp-content\/uploads\/2025\/12\/Bildschirmfoto-2025-12-31-um-14.37.03-85x85.png 85w, https:\/\/www2.islam.lu\/wp-content\/uploads\/2025\/12\/Bildschirmfoto-2025-12-31-um-14.37.03-80x80.png 80w\" sizes=\"auto, (max-width: 150px) 100vw, 150px\" \/><\/div><a class=\"wp-block-latest-posts__post-title\" href=\"https:\/\/www2.islam.lu\/?p=2266\">HORAIRE DES PRI\u00c8RES\u00a02026<\/a><\/li>\n<li><div class=\"wp-block-latest-posts__featured-image aligncenter\"><img loading=\"lazy\" decoding=\"async\" width=\"150\" height=\"150\" src=\"https:\/\/www2.islam.lu\/wp-content\/uploads\/2025\/08\/Bild-2-150x150.jpg\" class=\"attachment-thumbnail size-thumbnail wp-post-image\" alt=\"\" style=\"\" srcset=\"https:\/\/www2.islam.lu\/wp-content\/uploads\/2025\/08\/Bild-2-150x150.jpg 150w, https:\/\/www2.islam.lu\/wp-content\/uploads\/2025\/08\/Bild-2-85x85.jpg 85w, https:\/\/www2.islam.lu\/wp-content\/uploads\/2025\/08\/Bild-2-80x80.jpg 80w\" sizes=\"auto, (max-width: 150px) 100vw, 150px\" \/><\/div><a class=\"wp-block-latest-posts__post-title\" href=\"https:\/\/www2.islam.lu\/?p=2086\">CCIL COURS ISLAMIQUES FEMMES\/HOMMES 2025\/2026<\/a><\/li>\n<li><div class=\"wp-block-latest-posts__featured-image aligncenter\"><img loading=\"lazy\" decoding=\"async\" width=\"150\" height=\"150\" src=\"https:\/\/www2.islam.lu\/wp-content\/uploads\/2025\/08\/WhatsApp-Image-2025-09-13-at-12.13.00-150x150.jpeg\" class=\"attachment-thumbnail size-thumbnail wp-post-image\" alt=\"\" style=\"\" srcset=\"https:\/\/www2.islam.lu\/wp-content\/uploads\/2025\/08\/WhatsApp-Image-2025-09-13-at-12.13.00-150x150.jpeg 150w, https:\/\/www2.islam.lu\/wp-content\/uploads\/2025\/08\/WhatsApp-Image-2025-09-13-at-12.13.00-85x85.jpeg 85w, https:\/\/www2.islam.lu\/wp-content\/uploads\/2025\/08\/WhatsApp-Image-2025-09-13-at-12.13.00-80x80.jpeg 80w\" sizes=\"auto, (max-width: 150px) 100vw, 150px\" \/><\/div><a class=\"wp-block-latest-posts__post-title\" href=\"https:\/\/www2.islam.lu\/?p=2080\">CCIL EDUCATION ISLAMIQUE &#8211; Inscription 2025\/2026<\/a><\/li>\n<li><div class=\"wp-block-latest-posts__featured-image aligncenter\"><img loading=\"lazy\" decoding=\"async\" width=\"150\" height=\"150\" src=\"https:\/\/www2.islam.lu\/wp-content\/uploads\/2020\/07\/Aid-150x150.jpg\" class=\"attachment-thumbnail size-thumbnail wp-post-image\" alt=\"\" style=\"\" srcset=\"https:\/\/www2.islam.lu\/wp-content\/uploads\/2020\/07\/Aid-150x150.jpg 150w, https:\/\/www2.islam.lu\/wp-content\/uploads\/2020\/07\/Aid-85x85.jpg 85w, https:\/\/www2.islam.lu\/wp-content\/uploads\/2020\/07\/Aid-80x80.jpg 80w\" sizes=\"auto, (max-width: 150px) 100vw, 150px\" \/><\/div><a class=\"wp-block-latest-posts__post-title\" href=\"https:\/\/www2.islam.lu\/?p=2074\">L\u2019A\u00efd al-Adha sera c\u00e9l\u00e9br\u00e9 le vendredi 6 juin 2025<\/a><\/li>\n<li><div class=\"wp-block-latest-posts__featured-image aligncenter\"><img loading=\"lazy\" decoding=\"async\" width=\"150\" height=\"150\" src=\"https:\/\/www2.islam.lu\/wp-content\/uploads\/2025\/03\/WhatsApp-Image-2025-03-30-at-08.09.33-150x150.jpeg\" class=\"attachment-thumbnail size-thumbnail wp-post-image\" alt=\"\" style=\"\" srcset=\"https:\/\/www2.islam.lu\/wp-content\/uploads\/2025\/03\/WhatsApp-Image-2025-03-30-at-08.09.33-150x150.jpeg 150w, https:\/\/www2.islam.lu\/wp-content\/uploads\/2025\/03\/WhatsApp-Image-2025-03-30-at-08.09.33-300x300.jpeg 300w, https:\/\/www2.islam.lu\/wp-content\/uploads\/2025\/03\/WhatsApp-Image-2025-03-30-at-08.09.33-1024x1024.jpeg 1024w, https:\/\/www2.islam.lu\/wp-content\/uploads\/2025\/03\/WhatsApp-Image-2025-03-30-at-08.09.33-146x146.jpeg 146w, https:\/\/www2.islam.lu\/wp-content\/uploads\/2025\/03\/WhatsApp-Image-2025-03-30-at-08.09.33-50x50.jpeg 50w, https:\/\/www2.islam.lu\/wp-content\/uploads\/2025\/03\/WhatsApp-Image-2025-03-30-at-08.09.33-75x75.jpeg 75w, https:\/\/www2.islam.lu\/wp-content\/uploads\/2025\/03\/WhatsApp-Image-2025-03-30-at-08.09.33-85x85.jpeg 85w, https:\/\/www2.islam.lu\/wp-content\/uploads\/2025\/03\/WhatsApp-Image-2025-03-30-at-08.09.33-80x80.jpeg 80w, https:\/\/www2.islam.lu\/wp-content\/uploads\/2025\/03\/WhatsApp-Image-2025-03-30-at-08.09.33.jpeg 1080w\" sizes=\"auto, (max-width: 150px) 100vw, 150px\" \/><\/div><a class=\"wp-block-latest-posts__post-title\" href=\"https:\/\/www2.islam.lu\/?p=2044\">A\u00efd al-Fitr &#8211; Dimanche 30 Mars 2025<\/a><\/li>\n<\/ul><\/div><\/div>\n<\/div>\n<\/div>\n<\/div><\/div>\n\n\n\n<hr class=\"wp-block-separator has-alpha-channel-opacity\"\/>\n\n\n\n<iframe src=\"https:\/\/mawaqit.net\/fr\/w\/ccil-mamer?showOnly5PrayerTimes=0\" frameborder=\"0\" scrolling=\"no\"  style=\"width:100%; height:40vw\"><\/iframe>\n\n\n\n<hr class=\"wp-block-separator has-alpha-channel-opacity\"\/>\n\n\n\n<div class=\"wp-block-columns is-layout-flex wp-container-core-columns-is-layout-9d6595d7 wp-block-columns-is-layout-flex\">\n<div class=\"wp-block-column is-layout-flow wp-block-column-is-layout-flow\" style=\"flex-basis:25%\"><\/div>\n\n\n\n<div class=\"wp-block-column has-pale-ocean-gradient-background has-background is-layout-flow wp-block-column-is-layout-flow\" style=\"flex-basis:50%\">\n<h1 class=\"wp-block-heading has-text-align-center has-medium-font-size\"><\/h1>\n\n\n\n<div class=\"wp-block-buttons is-content-justification-center is-layout-flex wp-container-core-buttons-is-layout-16018d1d wp-block-buttons-is-layout-flex\">\n<div class=\"wp-block-button\"><a class=\"wp-block-button__link has-vivid-red-background-color has-background wp-element-button\" href=\"https:\/\/shoura.lu\/wp-content\/uploads\/2025\/12\/Horaire-des-prieres-2026-FR.pdf\" target=\"_blank\" rel=\"noreferrer noopener\">Prayer timetable<\/a><\/div>\n<\/div>\n\n\n\n<p><\/p>\n<\/div>\n\n\n\n<div class=\"wp-block-column is-layout-flow wp-block-column-is-layout-flow\" style=\"flex-basis:25%\"><\/div>\n<\/div>\n\n\n\n<hr class=\"wp-block-separator has-alpha-channel-opacity\"\/>\n\n\n\n<div class=\"wp-block-columns is-layout-flex wp-container-core-columns-is-layout-9d6595d7 wp-block-columns-is-layout-flex\">\n<div class=\"wp-block-column is-layout-flow wp-block-column-is-layout-flow\"><\/div>\n\n\n<\/div>\n\n\n\n<div class=\"wp-block-columns is-layout-flex wp-container-core-columns-is-layout-9d6595d7 wp-block-columns-is-layout-flex\">\n<div class=\"wp-block-column is-layout-flow wp-block-column-is-layout-flow\" style=\"flex-basis:25%\"><\/div>\n\n\n\n<div class=\"wp-block-column has-pale-ocean-gradient-background has-background is-layout-flow wp-block-column-is-layout-flow\" style=\"flex-basis:50%\">\n<h1 class=\"wp-block-heading has-text-align-center has-medium-font-size\"><\/h1>\n\n\n\n<div class=\"wp-block-buttons is-content-justification-center is-layout-flex wp-container-core-buttons-is-layout-16018d1d wp-block-buttons-is-layout-flex\">\n<div class=\"wp-block-button\"><a class=\"wp-block-button__link has-vivid-red-background-color has-background wp-element-button\" href=\"https:\/\/shoura.lu\/wp-content\/uploads\/2026\/02\/A4-Ramadan-2026-1.pdf\" target=\"_blank\" rel=\"noreferrer noopener\">Ramadan 2026 timetable<\/a><\/div>\n<\/div>\n\n\n\n<p><\/p>\n<\/div>\n\n\n\n<div class=\"wp-block-column is-layout-flow wp-block-column-is-layout-flow\" style=\"flex-basis:25%\"><\/div>\n<\/div>\n\n\n\n<hr class=\"wp-block-separator has-alpha-channel-opacity is-style-wide\"\/>\n\n\n<div class=\"wp-block-image\">\n<figure class=\"aligncenter size-full is-resized\"><img loading=\"lazy\" decoding=\"async\" width=\"640\" height=\"360\" src=\"https:\/\/www2.islam.lu\/wp-content\/uploads\/2024\/11\/PHOTO-2024-11-06-21-01-27.jpeg\" alt=\"\" class=\"wp-image-1977\" style=\"width:640px;height:auto\" srcset=\"https:\/\/www2.islam.lu\/wp-content\/uploads\/2024\/11\/PHOTO-2024-11-06-21-01-27.jpeg 640w, https:\/\/www2.islam.lu\/wp-content\/uploads\/2024\/11\/PHOTO-2024-11-06-21-01-27-300x169.jpeg 300w, https:\/\/www2.islam.lu\/wp-content\/uploads\/2024\/11\/PHOTO-2024-11-06-21-01-27-260x146.jpeg 260w, https:\/\/www2.islam.lu\/wp-content\/uploads\/2024\/11\/PHOTO-2024-11-06-21-01-27-50x28.jpeg 50w, https:\/\/www2.islam.lu\/wp-content\/uploads\/2024\/11\/PHOTO-2024-11-06-21-01-27-133x75.jpeg 133w\" sizes=\"auto, (max-width: 640px) 100vw, 640px\" \/><\/figure>\n<\/div>\n\n\n<hr class=\"wp-block-separator has-alpha-channel-opacity\"\/>\n\n\n\n<div class=\"wp-block-columns is-layout-flex wp-container-core-columns-is-layout-9d6595d7 wp-block-columns-is-layout-flex\">\n<div class=\"wp-block-column has-pale-ocean-gradient-background has-background is-layout-flow wp-block-column-is-layout-flow\">\n<h1 class=\"wp-block-heading has-text-align-center\">Donation R\u00e9novation Mosqu\u00e9e<\/h1>\n\n\n\n<div class=\"wp-block-buttons is-content-justification-center is-layout-flex wp-container-core-buttons-is-layout-16018d1d wp-block-buttons-is-layout-flex\">\n<div class=\"wp-block-button\"><a class=\"wp-block-button__link has-vivid-red-background-color has-background wp-element-button\" href=\"\/wp-content\/uploads\/2022\/04\/Calendrier2022_Verso.pdf\" target=\"_blank\" rel=\"noreferrer noopener\">Appel aux dons<\/a><\/div>\n<\/div>\n<\/div>\n<\/div>\n\n\n\n<p><\/p>\n\n\n\n<p><\/p>\n\n\n\n<hr class=\"wp-block-separator has-alpha-channel-opacity\"\/>\n\n\n\n<p><\/p>\n\n\n\n<h1 class=\"wp-block-heading has-text-align-center\" id=\"about\">Qui nous sommes<\/h1>\n\n\n\n<div class=\"wp-block-columns is-layout-flex wp-container-core-columns-is-layout-9d6595d7 wp-block-columns-is-layout-flex\">\n<div class=\"wp-block-column is-layout-flow wp-block-column-is-layout-flow\" style=\"flex-basis:25%\"><\/div>\n\n\n\n<div class=\"wp-block-column is-layout-flow wp-block-column-is-layout-flow\" style=\"flex-basis:50%\">\n<p class=\"has-text-align-center\">J&#8217;ai entendu l&#8217;Envoy\u00e9 de Dieu (s.w.s) dire:&#8221; Les fondements de l&#8217;Islam sont au nombre de cinq : L&#8217;attestation qu&#8217;il n&#8217;est de divinit\u00e9 si ce n&#8217;est Dieu et que Muhammad est Son Messager, l&#8217;accomplissement de la pri\u00e8re, le versement de la Zakat (l&#8217;imp\u00f4t social purificateur), le P\u00e8lerinage \u00e0 la Maison sacr\u00e9e et le je\u00fbne du mois du Ramadan&#8221;.<\/p>\n<\/div>\n\n\n\n<div class=\"wp-block-column is-layout-flow wp-block-column-is-layout-flow\" style=\"flex-basis:25%\"><\/div>\n<\/div>\n\n\n\n<hr class=\"wp-block-separator has-alpha-channel-opacity is-style-wide\"\/>\n\n\n\n<p><\/p>\n\n\n\n<h1 class=\"wp-block-heading has-text-align-center\" id=\"introduction\">Conna\u00eetre l&#8217;islam<\/h1>\n\n\n\n<div class=\"wp-block-columns is-layout-flex wp-container-core-columns-is-layout-9d6595d7 wp-block-columns-is-layout-flex\">\n<div class=\"wp-block-column is-layout-flow wp-block-column-is-layout-flow\" style=\"flex-basis:25%\"><\/div>\n\n\n\n<div class=\"wp-block-column is-layout-flow wp-block-column-is-layout-flow\" style=\"flex-basis:50%\">\n<p class=\"has-text-align-center\">Islam teaches that true happiness can only be obtained by living a life full of God-consciousness and being satisfied with what God has given us. Additionally, true \u201cfreedom\u201d is freedom from being controlled by our base human desires and being ruled by man-made ideologies. This stands in stark contrast to the view of many people in the modern world, who consider \u201cfreedom\u201d to be the ability to satisfy all of their desires without inhibition. The clear and comprehensive guidance of Islam gives human-beings a well-defined purpose and direction in life. In addition to being members of the human-brotherhood of Islam, its well-balanced and practical teachings are a source of spiritual comfort, guidance and morality. A direct and clear relationship with Almighty God, as well as the sense of purpose and belonging that ones feels as a Muslim, frees a person from the many worries of everyday life.<\/p>\n<\/div>\n\n\n\n<div class=\"wp-block-column is-layout-flow wp-block-column-is-layout-flow\" style=\"flex-basis:25%\"><\/div>\n<\/div>\n\n\n\n<hr class=\"wp-block-separator has-alpha-channel-opacity is-style-wide\"\/>\n\n\n\n<p><\/p>\n\n\n\n<h1 class=\"wp-block-heading has-text-align-center\" id=\"pillars-of-islam\">Fondements de l&#8217;Islam<\/h1>\n\n\n\n<div class=\"wp-block-columns is-layout-flex wp-container-core-columns-is-layout-9d6595d7 wp-block-columns-is-layout-flex\">\n<div class=\"wp-block-column is-layout-flow wp-block-column-is-layout-flow\">\n<div class=\"wp-block-columns is-layout-flex wp-container-core-columns-is-layout-9d6595d7 wp-block-columns-is-layout-flex\">\n<div class=\"wp-block-column is-layout-flow wp-block-column-is-layout-flow\">\n<h5 class=\"wp-block-heading\">La profession de foi:<\/h5>\n\n\n\n<p class=\"has-small-font-size\">La profession de foi (chahada) d\u00e9signe la d\u00e9claration en arabe &#8221; &#8216;Ach-hadou &#8216;al-la &#8216;ilaha &#8216;illallah, wa &#8216;ach-hadou &#8216;anna Mouhammadar-Ra\u00e7ouloullah&#8221;. Il faut donc t\u00e9moigner &#8220;qu&#8217;il n&#8217;y a d&#8217;autre dieu que Dieu et que Mouhammad est le Messager de Dieu&#8221;.<\/p>\n<\/div>\n\n\n\n<div class=\"wp-block-column is-layout-flow wp-block-column-is-layout-flow\">\n<h5 class=\"wp-block-heading\">La pri\u00e8re :<\/h5>\n\n\n\n<p class=\"has-small-font-size\">Tous les musulmans doivent accomplir les 5 pri\u00e8res obligatoires de la journ\u00e9e. Elles permettent de se ressourcer, de louer Dieu, en r\u00e9citant des sourates du Coran, en effectuant des invocations\u2026 Parmi les conditions de validit\u00e9, il y a le respect des horaires (liens vers les horaires de la pri\u00e8re), l&#8217;orientation du corps vers la Kaaba (Qibla).<\/p>\n<\/div>\n\n\n\n<div class=\"wp-block-column is-layout-flow wp-block-column-is-layout-flow\">\n<h5 class=\"wp-block-heading\">La Zak\u00e2t:<\/h5>\n\n\n\n<p class=\"has-small-font-size\">En arabe, ce terme signifie accroissement et, par extension, purification de la richesse. Tout musulman qui en a les moyens doit donner une partie de ses biens aux pauvres de la communaut\u00e9. Cette institution a pour but de purifier l&#8217;\u00e2me du croyant de l&#8217;avarice, l&#8217;avidit\u00e9, la convoitise et de cultiver en elle l&#8217;esprit de partage et de sacrifice.<\/p>\n<\/div>\n\n\n\n<div class=\"wp-block-column is-layout-flow wp-block-column-is-layout-flow\">\n<h5 class=\"wp-block-heading\">Le je\u00fbne :<\/h5>\n\n\n\n<p class=\"has-small-font-size\">Pendant un mois lunaire, de l&#8217;aube au coucher du soleil, le Musulman doit s&#8217;abstenir de manger et de boire. \u00c0 chaque instant, pendant le je\u00fbne, il r\u00e9prime ses passions et ses d\u00e9sirs. C&#8217;est un moyen pour le musulman de se purifier et de gagner le pardon de Dieu. Ce je\u00fbne a lieu tous les ans pendant le neuvi\u00e8me mois de l&#8217;ann\u00e9e lunaire, le mois de Ramadan.<\/p>\n<\/div>\n\n\n\n<div class=\"wp-block-column is-layout-flow wp-block-column-is-layout-flow\">\n<h5 class=\"wp-block-heading\">Le P\u00e8lerinage \u00e0 La Mecque:<\/h5>\n\n\n\n<p class=\"has-small-font-size\">Chaque Musulman doit effectuer le P\u00e8lerinage \u00e0 la ville sainte de La Mecque une fois dans sa vie, si cela est \u00e9conomiquement et physiquement possible. Il est compos\u00e9 de rituels. Des millions de croyants, chaque ann\u00e9e, viennent de tous les horizons sociaux, g\u00e9ographiques et culturels s&#8217;y retrouver pour y c\u00e9l\u00e9brer leur adoration de Dieu.<\/p>\n<\/div>\n<\/div>\n<\/div>\n<\/div>\n\n\n\n<hr class=\"wp-block-separator has-alpha-channel-opacity is-style-wide\"\/>\n\n\n\n<p><\/p>\n\n\n\n<h1 class=\"wp-block-heading has-text-align-center\" id=\"Muhammad\">Qui est le proph\u00e8te s.a.w.<\/h1>\n\n\n\n<div class=\"wp-block-columns is-layout-flex wp-container-core-columns-is-layout-9d6595d7 wp-block-columns-is-layout-flex\">\n<div class=\"wp-block-column is-layout-flow wp-block-column-is-layout-flow\" style=\"flex-basis:25%\"><\/div>\n\n\n\n<div class=\"wp-block-column is-layout-flow wp-block-column-is-layout-flow\" style=\"flex-basis:50%\">\n<p class=\"has-text-align-center\">Prophet Muhammad, may the mercy and blessings of God be upon him, is the man beloved by more than 1.2 billion Muslims. He is the man who taught us patience in the face of adversity, and taught us to live in this world but seek eternal life in the hereafter. It was to Prophet Muhammad that God revealed the Quran. Along with this Book of guidance God sent Prophet Muhammad, whose behavior and high moral standards are an example to us all. Prophet Muhammad\u2019s life was the Quran. He understood it, he loved it and he lived his life based on its standards. He taught us to recite the Quran, to live by its principles and to love it. When Muslims declare their faith in One God, they also declare their belief that Muhammad is the servant and final messenger of God.<\/p>\n<\/div>\n\n\n\n<div class=\"wp-block-column is-layout-flow wp-block-column-is-layout-flow\" style=\"flex-basis:25%\"><\/div>\n<\/div>\n\n\n\n<p><a href=\"https:\/\/www2.islam.lu\/?page_id=736\">Read more &#8230;<\/a><\/p>\n\n\n\n<hr class=\"wp-block-separator has-alpha-channel-opacity is-style-wide\"\/>\n\n\n\n<h1 class=\"wp-block-heading has-text-align-center\" id=\"contact\">Nous contacter<\/h1>\n","protected":false},"excerpt":{"rendered":"<p>Bienvenue au CCIL Centre Culturel Islamique du Grand-Duch\u00e9 de Luxembourg a.s.b.l. Activit\u00e9s Ramadan 2025 Donation R\u00e9novation Mosqu\u00e9e Qui nous sommes J&#8217;ai entendu l&#8217;Envoy\u00e9 de Dieu (s.w.s) [&hellip;]<\/p>\n","protected":false},"author":1,"featured_media":0,"parent":0,"menu_order":0,"comment_status":"closed","ping_status":"closed","template":"","meta":{"footnotes":""},"class_list":["post-1620","page","type-page","status-publish","hentry"],"_links":{"self":[{"href":"https:\/\/www2.islam.lu\/index.php?rest_route=\/wp\/v2\/pages\/1620","targetHints":{"allow":["GET"]}}],"collection":[{"href":"https:\/\/www2.islam.lu\/index.php?rest_route=\/wp\/v2\/pages"}],"about":[{"href":"https:\/\/www2.islam.lu\/index.php?rest_route=\/wp\/v2\/types\/page"}],"author":[{"embeddable":true,"href":"https:\/\/www2.islam.lu\/index.php?rest_route=\/wp\/v2\/users\/1"}],"replies":[{"embeddable":true,"href":"https:\/\/www2.islam.lu\/index.php?rest_route=%2Fwp%2Fv2%2Fcomments&post=1620"}],"version-history":[{"count":133,"href":"https:\/\/www2.islam.lu\/index.php?rest_route=\/wp\/v2\/pages\/1620\/revisions"}],"predecessor-version":[{"id":2292,"href":"https:\/\/www2.islam.lu\/index.php?rest_route=\/wp\/v2\/pages\/1620\/revisions\/2292"}],"wp:attachment":[{"href":"https:\/\/www2.islam.lu\/index.php?rest_route=%2Fwp%2Fv2%2Fmedia&parent=1620"}],"curies":[{"name":"wp","href":"https:\/\/api.w.org\/{rel}","templated":true}]}}